{"id":137,"date":"2015-07-07T19:42:05","date_gmt":"2015-07-07T19:42:05","guid":{"rendered":"http:\/\/lanan.com.ar\/tienda\/producto\/suscripcion_2015\/"},"modified":"2016-01-20T15:05:28","modified_gmt":"2016-01-20T15:05:28","slug":"suscripcion_2015","status":"publish","type":"product","link":"http:\/\/lanan.com.ar\/tienda\/producto\/suscripcion_2015\/","title":{"rendered":"Suscripci\u00f3n 2015"},"content":{"rendered":"<p>Somos un colectivo period\u00edstico autogestivo dedicado al arte \u2014con principal \u00e9nfasis en el arte emergente independiente\u2014 y otras tem\u00e1ticas socioculturales.<\/p>\n<p>El proyecto naci\u00f3 en noviembre de 2006 en formato de agencia period\u00edstica, con un servicio semanal de rese\u00f1as, art\u00edculos, coberturas, entrevistas y notas de producci\u00f3n publicado en un blog gratuito. En 2010, fue seleccionado en el Concurso de Revistas Culturales Abelardo Castillo de la Secretar\u00eda de Cultura nacional, por un jurado compuesto por Jorge Boccanera, Luis Bruchstein, Alejandro Kaufman y Daniel Samoilovich. En 2011, al servicio period\u00edstico online sum\u00f3 una revista bimestral, que en la actualidad se distribuye en las principales ciudades de la Argentina y tambi\u00e9n a trav\u00e9s de esta tienda virtual.<\/p>\n<p>Junto al staff permanente, contamos con un equipo de colaboradores de variados oficios: periodistas, fot\u00f3grafos, cineastas, dise\u00f1adores, programadores y administrativos.<\/p>\n<p>Con frecuencia, realizamos el ciclo de m\u00fasica NANvivo en la Ciudad de Buenos Aires y en el sur del conurbano bonaerense, encuentros que incluyen performances esc\u00e9nicas y muestras visuales.<\/p>\n<p>*\u00a0Con tu suscripci\u00f3n, el env\u00edo es gratis para todo el territorio argentino. Por env\u00edos a otros pa\u00edses, consultar a <a title=\"Correo electr\u00f3nico\" href=\"mailto:hola@lanan.com.ar\" target=\"_blank\">hola@lanan.com.ar<\/a>. Retiro por zonas Lomas de Zamora, Avellaneda, Constituci\u00f3n (CABA) o Palermo (CABA).<\/p>\n<form action=\"https:\/\/argentina.dineromail.com\/Shop\/Shop_Ingreso.asp\" method=\"post\"><input class=\"btn btn-success\" alt=\"Pagar con DineroMail\" name=\"submit\" type=\"submit\" value=\"Comprar\" \/><br \/>\n<input name=\"NombreItem\" type=\"hidden\" value=\"Suscripci\u00f3n 2015\" \/><br \/>\n<input name=\"TipoMoneda\" type=\"hidden\" value=\"1\" \/><br \/>\n<input name=\"PrecioItem\" type=\"hidden\" value=\"150.00\" \/><br \/>\n<input name=\"E_Comercio\" type=\"hidden\" value=\"3425172\" \/><br \/>\n<input name=\"NroItem\" type=\"hidden\" value=\"-\" \/><br \/>\n<input name=\"DireccionExito\" type=\"hidden\" value=\"http:\/\/\" \/><br \/>\n<input name=\"DireccionFracaso\" type=\"hidden\" value=\"http:\/\/\" \/><br \/>\n<input name=\"DireccionEnvio\" type=\"hidden\" value=\"1\" \/><br \/>\n<input name=\"Mensaje\" type=\"hidden\" value=\"1\" \/><\/form>\n","protected":false},"excerpt":{"rendered":"<p>Suscribite por los tres n\u00fameros de revista NaN de 2015: tres ejemplares a todo color, con m\u00e1s de 100 art\u00edculos sobre arte y sociedad, historietas, ilustraciones y fotograf\u00edas. Con tu suscripci\u00f3n, el env\u00edo es gratuito. \u00a1Recibilas en tu casa!<\/p>\n<form action=\"https:\/\/argentina.dineromail.com\/Shop\/Shop_Ingreso.asp\" method=\"post\"><input class=\"btn btn-success\" alt=\"Pagar con DineroMail\" name=\"submit\" type=\"submit\" value=\"Comprar\" \/><br \/>\n<input name=\"NombreItem\" type=\"hidden\" value=\"Suscripci\u00f3n 2015\" \/><br \/>\n<input name=\"TipoMoneda\" type=\"hidden\" value=\"1\" \/><br \/>\n<input name=\"PrecioItem\" type=\"hidden\" value=\"150.00\" \/><br \/>\n<input name=\"E_Comercio\" type=\"hidden\" value=\"3425172\" \/><br \/>\n<input name=\"NroItem\" type=\"hidden\" value=\"-\" \/><br \/>\n<input name=\"DireccionExito\" type=\"hidden\" value=\"http:\/\/\" \/><br \/>\n<input name=\"DireccionFracaso\" type=\"hidden\" value=\"http:\/\/\" \/><br \/>\n<input name=\"DireccionEnvio\" type=\"hidden\" value=\"1\" \/><br \/>\n<input name=\"Mensaje\" type=\"hidden\" value=\"1\" \/><\/form>\n","protected":false},"featured_media":146,"comment_status":"closed","ping_status":"closed","template":"","meta":[],"product_brand":[],"product_cat":[8],"product_tag":[],"class_list":{"0":"post-137","1":"product","2":"type-product","3":"status-publish","4":"has-post-thumbnail","6":"product_cat-promos","8":"first","9":"instock","10":"shipping-taxable","11":"purchasable","12":"product-type-simple"},"_links":{"self":[{"href":"http:\/\/lanan.com.ar\/tienda\/wp-json\/wp\/v2\/product\/137","targetHints":{"allow":["GET"]}}],"collection":[{"href":"http:\/\/lanan.com.ar\/tienda\/wp-json\/wp\/v2\/product"}],"about":[{"href":"http:\/\/lanan.com.ar\/tienda\/wp-json\/wp\/v2\/types\/product"}],"replies":[{"embeddable":true,"href":"http:\/\/lanan.com.ar\/tienda\/wp-json\/wp\/v2\/comments?post=137"}],"wp:featuredmedia":[{"embeddable":true,"href":"http:\/\/lanan.com.ar\/tienda\/wp-json\/wp\/v2\/media\/146"}],"wp:attachment":[{"href":"http:\/\/lanan.com.ar\/tienda\/wp-json\/wp\/v2\/media?parent=137"}],"wp:term":[{"taxonomy":"product_brand","embeddable":true,"href":"http:\/\/lanan.com.ar\/tienda\/wp-json\/wp\/v2\/product_brand?post=137"},{"taxonomy":"product_cat","embeddable":true,"href":"http:\/\/lanan.com.ar\/tienda\/wp-json\/wp\/v2\/product_cat?post=137"},{"taxonomy":"product_tag","embeddable":true,"href":"http:\/\/lanan.com.ar\/tienda\/wp-json\/wp\/v2\/product_tag?post=137"}],"curies":[{"name":"wp","href":"https:\/\/api.w.org\/{rel}","templated":true}]}}