{"id":148,"date":"2016-01-22T14:37:18","date_gmt":"2016-01-22T14:37:18","guid":{"rendered":"http:\/\/lanan.com.ar\/tienda\/producto\/21-2016\/"},"modified":"2016-01-22T14:58:56","modified_gmt":"2016-01-22T14:58:56","slug":"21-2016","status":"publish","type":"product","link":"http:\/\/lanan.com.ar\/tienda\/producto\/21-2016\/","title":{"rendered":"#21 (2016)"},"content":{"rendered":"<p><strong>SUMARIO<\/strong><br \/>\n&#8211; Genoveva: el vivero de Juanchy Manchy.<br \/>\n&#8211; Radio FLIA: literatura parlante.<br \/>\n&#8211; Trucho Toys: el juguete rabioso.<br \/>\n&#8211; La peli de Cazador: \u00a1viva la concha!<br \/>\n&#8211; Estados Desunidos: Shaman Herrera, el pescador.<br \/>\n&#8211; Las Pi\u00f1as: verano de anan\u00e1 y cachetazos.<br \/>\n&#8211; Marina Otero: la fragilidad del movimiento.<br \/>\n&#8211; Am\u00e9rica Scarf\u00f3: mucho m\u00e1s que la novia de Severino.<br \/>\n&#8211; El Gato &amp; La Caja: aqu\u00ed hay ciencia liberada.<br \/>\n&#8211; Los Candidatos: Sagrado Sebakis. Fotograf\u00eda Ivo Ferrer.<br \/>\n&#8211; Refugiados sirios. Escribe Luciana Bertoia.<br \/>\n&#8211; Bingo La Noria: jugar con la esperanza.<br \/>\n&#8211; Anecdotario: Diego Cort\u00e9s. Escribe Guillermo Bawden. Ilustra Javi Punga.<br \/>\n&#8211; Santiago Motorizado:\u00a0\u201cRockero es ser hermano del otro\u201d. Opinan Mora S\u00e1nchez Viamonte, Juli\u00e1n Ibarrolaza, Luis Paz y Hern\u00e1n Panessi. Ilustra Mauro Perrone.<br \/>\n&#8211; Osvaldo Bayer:\u00a0\u201cMi rasgo m\u00e1s deplorable es la vagancia\u201d.<br \/>\n&#8211; Macri en Boca: m\u00e1s bostero que xeneize. Escribe Mariano Verrina.<br \/>\n&#8211; Propiedad intelectual: la captura de la imagen.<br \/>\n&#8211; Pol\u00edtica Post K: no alimenten al robot. Opinan Javier Sahade, Santiago Marino y Jorge Duarte. Ilustra Pedro Mancini.<br \/>\n&#8211; La Buena Pipa: microrelatos de Ramiro Sanchiz. Ilustra Jo Mur\u00faa.<br \/>\n&#8211; Informe Correpi: nos siguen pegando abajo.<br \/>\n&#8211; Energ\u00eda el\u00e9ctrica: una mirada a la oscuridad.<br \/>\n&#8211;\u00a0Vi\u00f1etas de Juampa Camarda y Brian Janchez.<\/p>\n<p>*\u00a0El precio no incluye env\u00edo a domicilio. Costo a cuenta del comprador. Por consultas, <a title=\"Correo electr\u00f3nico\" href=\"mailto:hola@lanan.com.ar\" target=\"_blank\">hola@lanan.com.ar<\/a>.<\/p>\n<form action=\"https:\/\/argentina.dineromail.com\/Shop\/Shop_Ingreso.asp\" method=\"post\"><input class=\"btn btn-success\" alt=\"Pagar con DineroMail\" name=\"submit\" type=\"submit\" value=\"Comprar\" \/><br \/>\n<input name=\"NombreItem\" type=\"hidden\" value=\"#21\" \/><br \/>\n<input name=\"TipoMoneda\" type=\"hidden\" value=\"1\" \/><br \/>\n<input name=\"PrecioItem\" type=\"hidden\" value=\"50.00\" \/><br \/>\n<input name=\"E_Comercio\" type=\"hidden\" value=\"3425172\" \/><br \/>\n<input name=\"NroItem\" type=\"hidden\" value=\"-\" \/><br \/>\n<input name=\"DireccionExito\" type=\"hidden\" value=\"http:\/\/\" \/><br \/>\n<input name=\"DireccionFracaso\" type=\"hidden\" value=\"http:\/\/\" \/><br \/>\n<input name=\"DireccionEnvio\" type=\"hidden\" value=\"1\" \/><br \/>\n<input name=\"Mensaje\" type=\"hidden\" value=\"1\" \/><\/form>\n","protected":false},"excerpt":{"rendered":"<p>Santiago Motorizado, la pol\u00edtica ganada, Bingo La Noria, Shaman Herrera\u00a0y mucho m\u00e1s.<\/p>\n<p>*\u00a0El precio no incluye env\u00edo a domicilio.<\/p>\n<form action=\"https:\/\/argentina.dineromail.com\/Shop\/Shop_Ingreso.asp\" method=\"post\"><input class=\"btn btn-success\" alt=\"Pagar con DineroMail\" name=\"submit\" type=\"submit\" value=\"Comprar\" \/><br \/>\n<input name=\"NombreItem\" type=\"hidden\" value=\"#21\" \/><br \/>\n<input name=\"TipoMoneda\" type=\"hidden\" value=\"1\" \/><br \/>\n<input name=\"PrecioItem\" type=\"hidden\" value=\"50.00\" \/><br \/>\n<input name=\"E_Comercio\" type=\"hidden\" value=\"3425172\" \/><br \/>\n<input name=\"NroItem\" type=\"hidden\" value=\"-\" \/><br \/>\n<input name=\"DireccionExito\" type=\"hidden\" value=\"http:\/\/\" \/><br \/>\n<input name=\"DireccionFracaso\" type=\"hidden\" value=\"http:\/\/\" \/><br \/>\n<input name=\"DireccionEnvio\" type=\"hidden\" value=\"1\" \/><br \/>\n<input name=\"Mensaje\" type=\"hidden\" value=\"1\" \/><\/form>\n","protected":false},"featured_media":149,"comment_status":"closed","ping_status":"closed","template":"","meta":[],"product_brand":[],"product_cat":[6],"product_tag":[],"class_list":{"0":"post-148","1":"product","2":"type-product","3":"status-publish","4":"has-post-thumbnail","6":"product_cat-revistas","8":"first","9":"instock","10":"shipping-taxable","11":"purchasable","12":"product-type-simple"},"_links":{"self":[{"href":"http:\/\/lanan.com.ar\/tienda\/wp-json\/wp\/v2\/product\/148","targetHints":{"allow":["GET"]}}],"collection":[{"href":"http:\/\/lanan.com.ar\/tienda\/wp-json\/wp\/v2\/product"}],"about":[{"href":"http:\/\/lanan.com.ar\/tienda\/wp-json\/wp\/v2\/types\/product"}],"replies":[{"embeddable":true,"href":"http:\/\/lanan.com.ar\/tienda\/wp-json\/wp\/v2\/comments?post=148"}],"wp:featuredmedia":[{"embeddable":true,"href":"http:\/\/lanan.com.ar\/tienda\/wp-json\/wp\/v2\/media\/149"}],"wp:attachment":[{"href":"http:\/\/lanan.com.ar\/tienda\/wp-json\/wp\/v2\/media?parent=148"}],"wp:term":[{"taxonomy":"product_brand","embeddable":true,"href":"http:\/\/lanan.com.ar\/tienda\/wp-json\/wp\/v2\/product_brand?post=148"},{"taxonomy":"product_cat","embeddable":true,"href":"http:\/\/lanan.com.ar\/tienda\/wp-json\/wp\/v2\/product_cat?post=148"},{"taxonomy":"product_tag","embeddable":true,"href":"http:\/\/lanan.com.ar\/tienda\/wp-json\/wp\/v2\/product_tag?post=148"}],"curies":[{"name":"wp","href":"https:\/\/api.w.org\/{rel}","templated":true}]}}