{"id":37,"date":"2015-02-05T03:25:11","date_gmt":"2015-02-05T03:25:11","guid":{"rendered":"http:\/\/lanan.com.ar\/tienda\/?post_type=product&#038;p=37"},"modified":"2015-02-05T05:03:59","modified_gmt":"2015-02-05T05:03:59","slug":"revista_1","status":"publish","type":"product","link":"http:\/\/lanan.com.ar\/tienda\/producto\/revista_1\/","title":{"rendered":"#1 (mar\/abr 2011)"},"content":{"rendered":"<p><strong>SUMARIO<\/strong><br \/>\n&#8211; El Feder: pinta burzaco y pintar\u00e1s el mundo.<br \/>\n&#8211; Chacovachi: el aut\u00e9ntico Krusty criollo.<br \/>\n&#8211; Feriados de carnaval: una fiesta que el pueblo se concede a s\u00ed mismo.<br \/>\n&#8211; Zagu\u00e1n Sur: gu\u00eda hacia un mundo distinto.<br \/>\n&#8211; Ana Gonz\u00e1lez Va\u00f1ek:\u00a0\u201cHay que quebrar con ciertas formas cartesianas\u201d<br \/>\n&#8211; Circo Manija: sobre c\u00f3mo transformar un manicomio en una carpa.<br \/>\n&#8211; P\u00e1jaros: tango feroz.<br \/>\n&#8211; Arte y pol\u00edtica. Escriben Ricardo Holcer y Lorena Bossi.<br \/>\n&#8211; De gira con Pablo Lescano:\u00a0\u201cHago m\u00fasica para el pueblo\u201d. Opinan: Malena Silba, Cristian Aldana, Hugo Lobo, Fidel Nadal, La Garganta Poderosa y Leandro Donozo.<br \/>\n&#8211; Anecdotario: Rodolfo Walsh por Osvaldo Bayer.<br \/>\n&#8211; Especial: a 35 a\u00f1os del \u00faltimo golpe militar. Responden: Le\u00f3n Ferrari, Liliana Hecker, Milena Vidal, F\u00e9lix Bruzzone y Ronan Nu\u00f1ez.<br \/>\n&#8211; \u201cLa ausencia de todas las cosas\u201d: tratado sobre las realidades \u00faltimas.<br \/>\n&#8211; Dennis Smith: \u201cTodo gira en torno al vac\u00edo y c\u00f3mo llenarlo\u201d.<br \/>\n&#8211; Alicia Dujovne Ort\u00edz: la otra operaci\u00f3n masacre.<br \/>\n&#8211; Cuento: \u201cPripiat\u201d (primera parte), de Juan Jos\u00e9 Burzi. Tira: Egon.<\/p>\n<p>*\u00a0Incluye env\u00edo a domicilio a todo el territorio argentino. Por env\u00edos a otros pa\u00edses, consultar a <a title=\"Correo electr\u00f3nico\" href=\"mailto:hola@lanan.com.ar\" target=\"_blank\">hola@lanan.com.ar<\/a>.<\/p>\n<form action='https:\/\/argentina.dineromail.com\/Shop\/Shop_Ingreso.asp' method='post'>\n<input type='submit' class=\"btn btn-success\" name='submit' alt='Pagar con DineroMail' value='Comprar'><br \/>\n<input type='hidden' name='NombreItem' value='#1'><br \/>\n<input type='hidden' name='TipoMoneda' value='1'><br \/>\n<input type='hidden' name='PrecioItem' value='22.00'><br \/>\n<input type='hidden' name='E_Comercio' value='3425172'><br \/>\n<input type='hidden' name='NroItem' value='-'><br \/>\n<input type='hidden' name='DireccionExito' value='http:\/\/'><br \/>\n<input type='hidden' name='DireccionFracaso' value='http:\/\/'><br \/>\n<input type='hidden' name='DireccionEnvio' value='1'><br \/>\n<input type='hidden' name='Mensaje' value='1'><br \/>\n<\/form>\n","protected":false},"excerpt":{"rendered":"<p>Chacovachi, feriados de carnaval, Circo Manija, Pablo Lescano, Walsh por Bayer y mucho m\u00e1s.<\/p>\n<p>*\u00a0Incluye env\u00edo a domicilio a todo el territorio argentino.<\/p>\n<form action='https:\/\/argentina.dineromail.com\/Shop\/Shop_Ingreso.asp' method='post'>\n<input type='submit' class=\"btn btn-success\" name='submit' alt='Pagar con DineroMail' value='Comprar'><br \/>\n<input type='hidden' name='NombreItem' value='#1'><br \/>\n<input type='hidden' name='TipoMoneda' value='1'><br \/>\n<input type='hidden' name='PrecioItem' value='22.00'><br \/>\n<input type='hidden' name='E_Comercio' value='3425172'><br \/>\n<input type='hidden' name='NroItem' value='-'><br \/>\n<input type='hidden' name='DireccionExito' value='http:\/\/'><br \/>\n<input type='hidden' name='DireccionFracaso' value='http:\/\/'><br \/>\n<input type='hidden' name='DireccionEnvio' value='1'><br \/>\n<input type='hidden' name='Mensaje' value='1'><br \/>\n<\/form>\n","protected":false},"featured_media":38,"comment_status":"closed","ping_status":"closed","template":"","meta":[],"product_brand":[],"product_cat":[6],"product_tag":[],"class_list":{"0":"post-37","1":"product","2":"type-product","3":"status-publish","4":"has-post-thumbnail","6":"product_cat-revistas","8":"first","9":"instock","10":"shipping-taxable","11":"purchasable","12":"product-type-simple"},"_links":{"self":[{"href":"http:\/\/lanan.com.ar\/tienda\/wp-json\/wp\/v2\/product\/37","targetHints":{"allow":["GET"]}}],"collection":[{"href":"http:\/\/lanan.com.ar\/tienda\/wp-json\/wp\/v2\/product"}],"about":[{"href":"http:\/\/lanan.com.ar\/tienda\/wp-json\/wp\/v2\/types\/product"}],"replies":[{"embeddable":true,"href":"http:\/\/lanan.com.ar\/tienda\/wp-json\/wp\/v2\/comments?post=37"}],"wp:featuredmedia":[{"embeddable":true,"href":"http:\/\/lanan.com.ar\/tienda\/wp-json\/wp\/v2\/media\/38"}],"wp:attachment":[{"href":"http:\/\/lanan.com.ar\/tienda\/wp-json\/wp\/v2\/media?parent=37"}],"wp:term":[{"taxonomy":"product_brand","embeddable":true,"href":"http:\/\/lanan.com.ar\/tienda\/wp-json\/wp\/v2\/product_brand?post=37"},{"taxonomy":"product_cat","embeddable":true,"href":"http:\/\/lanan.com.ar\/tienda\/wp-json\/wp\/v2\/product_cat?post=37"},{"taxonomy":"product_tag","embeddable":true,"href":"http:\/\/lanan.com.ar\/tienda\/wp-json\/wp\/v2\/product_tag?post=37"}],"curies":[{"name":"wp","href":"https:\/\/api.w.org\/{rel}","templated":true}]}}