{"id":40,"date":"2015-02-05T03:50:23","date_gmt":"2015-02-05T03:50:23","guid":{"rendered":"http:\/\/lanan.com.ar\/tienda\/?post_type=product&#038;p=40"},"modified":"2015-02-05T05:03:02","modified_gmt":"2015-02-05T05:03:02","slug":"revista_2","status":"publish","type":"product","link":"http:\/\/lanan.com.ar\/tienda\/producto\/revista_2\/","title":{"rendered":"#2 (may\/jun 2011)"},"content":{"rendered":"<p><strong>SUMARIO<\/strong><br \/>\n&#8211; Luxor: un grano en el traste del mundo.<br \/>\n&#8211; Libro libre: la calle como biblioteca.<br \/>\n&#8211; Especial: mes del trabajador. Historias: Uriel Valent\u00edn, Oscar Gallicchio y Pablo Jaimes.<br \/>\n&#8211; La Coop:\u00a0\u201cLa libertad que tenemos deber\u00eda exigirnos ser m\u00e1s eficientes\u201d.<br \/>\n&#8211; Atajo (Bolivia):\u00a0\u201cLa revoluci\u00f3n m\u00e1s importante es cambiar uno mismo\u201d.<br \/>\n&#8211; Observatorio Sur: las pel\u00edculas que no pod\u00edas ver.<br \/>\n&#8211; Alvy Singer: el tiempo del amor.<br \/>\n&#8211; Arte y sexo. Escriben Carolina Tejeda y Marcos Bertorello.<br \/>\n&#8211; Enrique Symns:\u00a0\u201cMe gustan las escrituras que provienen del futuro\u201d. Opinan: Tom Lupo, Juan Subir\u00e1 y Gabriel Levinas.<br \/>\n&#8211; Federico Peralta Ramos por Luis Felipe No\u00e9.<br \/>\n&#8211; Maximiliano Kosteki: s\u00f3lo los buenos mueren j\u00f3venes. Incluye un poema suyo in\u00e9dito.<br \/>\n&#8211;\u00a0\u201cPuto\u201d: boquitas pintadas.<br \/>\n&#8211; Jorge Boccanera: el m\u00e1s fuerte de los ruidos.<br \/>\n&#8211; Mat\u00edas Pi\u00f1eiro:\u00a0\u201cBusco en el espectador un c\u00f3mplice que quiera jugar\u201d.<br \/>\n&#8211; Cuento:\u00a0\u201cPripiat\u201d (segunda parte), por Juan Jos\u00e9 Burzi. Tira: Egon.<\/p>\n<p>*\u00a0Incluye env\u00edo a domicilio a todo el territorio argentino. Por env\u00edos a otros pa\u00edses, consultar a <a title=\"Correo electr\u00f3nico\" href=\"mailto:hola@lanan.com.ar\" target=\"_blank\">hola@lanan.com.ar<\/a>.<\/p>\n<form action='https:\/\/argentina.dineromail.com\/Shop\/Shop_Ingreso.asp' method='post'>\n<input type='submit' class=\"btn btn-success\" name='submit' alt='Pagar con DineroMail' value='Comprar'><br \/>\n<input type='hidden' name='NombreItem' value='#2'><br \/>\n<input type='hidden' name='TipoMoneda' value='1'><br \/>\n<input type='hidden' name='PrecioItem' value='22.00'><br \/>\n<input type='hidden' name='E_Comercio' value='3425172'><br \/>\n<input type='hidden' name='NroItem' value='-'><br \/>\n<input type='hidden' name='DireccionExito' value='http:\/\/'><br \/>\n<input type='hidden' name='DireccionFracaso' value='http:\/\/'><br \/>\n<input type='hidden' name='DireccionEnvio' value='1'><br \/>\n<input type='hidden' name='Mensaje' value='1'><br \/>\n<\/form>\n","protected":false},"excerpt":{"rendered":"<p>Atajo (Bolivia), Observatorio Sur, Enrique Symns, Maximiliano Kosteki, Mat\u00edas Pi\u00f1eiro y mucho m\u00e1s.<\/p>\n<p>*\u00a0Incluye env\u00edo a domicilio a todo el territorio argentino.<\/p>\n<form action='https:\/\/argentina.dineromail.com\/Shop\/Shop_Ingreso.asp' method='post'>\n<input type='submit' class=\"btn btn-success\" name='submit' alt='Pagar con DineroMail' value='Comprar'><br \/>\n<input type='hidden' name='NombreItem' value='#2'><br \/>\n<input type='hidden' name='TipoMoneda' value='1'><br \/>\n<input type='hidden' name='PrecioItem' value='22.00'><br \/>\n<input type='hidden' name='E_Comercio' value='3425172'><br \/>\n<input type='hidden' name='NroItem' value='-'><br \/>\n<input type='hidden' name='DireccionExito' value='http:\/\/'><br \/>\n<input type='hidden' name='DireccionFracaso' value='http:\/\/'><br \/>\n<input type='hidden' name='DireccionEnvio' value='1'><br \/>\n<input type='hidden' name='Mensaje' value='1'><br \/>\n<\/form>\n","protected":false},"featured_media":41,"comment_status":"closed","ping_status":"closed","template":"","meta":[],"product_brand":[],"product_cat":[6],"product_tag":[],"class_list":{"0":"post-40","1":"product","2":"type-product","3":"status-publish","4":"has-post-thumbnail","6":"product_cat-revistas","8":"first","9":"instock","10":"shipping-taxable","11":"purchasable","12":"product-type-simple"},"_links":{"self":[{"href":"http:\/\/lanan.com.ar\/tienda\/wp-json\/wp\/v2\/product\/40","targetHints":{"allow":["GET"]}}],"collection":[{"href":"http:\/\/lanan.com.ar\/tienda\/wp-json\/wp\/v2\/product"}],"about":[{"href":"http:\/\/lanan.com.ar\/tienda\/wp-json\/wp\/v2\/types\/product"}],"replies":[{"embeddable":true,"href":"http:\/\/lanan.com.ar\/tienda\/wp-json\/wp\/v2\/comments?post=40"}],"wp:featuredmedia":[{"embeddable":true,"href":"http:\/\/lanan.com.ar\/tienda\/wp-json\/wp\/v2\/media\/41"}],"wp:attachment":[{"href":"http:\/\/lanan.com.ar\/tienda\/wp-json\/wp\/v2\/media?parent=40"}],"wp:term":[{"taxonomy":"product_brand","embeddable":true,"href":"http:\/\/lanan.com.ar\/tienda\/wp-json\/wp\/v2\/product_brand?post=40"},{"taxonomy":"product_cat","embeddable":true,"href":"http:\/\/lanan.com.ar\/tienda\/wp-json\/wp\/v2\/product_cat?post=40"},{"taxonomy":"product_tag","embeddable":true,"href":"http:\/\/lanan.com.ar\/tienda\/wp-json\/wp\/v2\/product_tag?post=40"}],"curies":[{"name":"wp","href":"https:\/\/api.w.org\/{rel}","templated":true}]}}