{"id":45,"date":"2015-02-05T04:57:12","date_gmt":"2015-02-05T04:57:12","guid":{"rendered":"http:\/\/lanan.com.ar\/tienda\/?post_type=product&#038;p=45"},"modified":"2015-02-05T05:00:17","modified_gmt":"2015-02-05T05:00:17","slug":"revista_4","status":"publish","type":"product","link":"http:\/\/lanan.com.ar\/tienda\/producto\/revista_4\/","title":{"rendered":"#4 (sep\/oct 2011)"},"content":{"rendered":"<p><strong>SUMARIO<\/strong><br \/>\n&#8211; \u201cEl Compipulenta\u201d: una Torre de Babel art\u00edstica.<br \/>\n&#8211; El Partido de los Poetas: verseros.<br \/>\n&#8211; Especial elecciones nacionales: el poder a la imaginaci\u00f3n.<br \/>\n&#8211; De Garage: el papel del rock diagonal.<br \/>\n&#8211; Ana Frenkel: \u201cNo hay teatro sin cuerpo, no hay danza sin teatralidad\u201d.<br \/>\n&#8211; El Culebr\u00f3n Timbal: mutar de piel para \u201cproducir\u201d cultura.<br \/>\n&#8211; \u201cCruzando la ventana\u201d: no es para quedarnos en casa que hacemos una casa.<br \/>\n&#8211; Arte e infancia. Escriben Vali Guidalevich y Ana Luz Chieffo.<br \/>\n&#8211; Osqui Guzm\u00e1n: \u201cEl hecho art\u00edstico disimula la muerte\u201d. Opina Gustavo Caletti.<br \/>\n&#8211; Carlos Trillo por Eduardo Maicas.<br \/>\n&#8211; Policiales en auge: Guillermo Mart\u00ednez, Leonardo Oyola y Javier Sinay.<br \/>\n&#8211; Nobles Bestias: \u201cEste teatro es una contracultura\u201d.<br \/>\n&#8211; Tonolec: la Pachamama unplugged.<br \/>\n&#8211; Mutazion: \u00a1estamos en la (clase) B!<br \/>\n&#8211; Cuento: \u201cEl enano\u201d (segunda parte), de Carolina Sborovsky. Tira: Diego Villa.<\/p>\n<p>*\u00a0Incluye env\u00edo a domicilio a todo el territorio argentino. Por env\u00edos a otros pa\u00edses, consultar a <a title=\"Correo electr\u00f3nico\" href=\"mailto:hola@lanan.com.ar\" target=\"_blank\">hola@lanan.com.ar<\/a>.<\/p>\n<form action='https:\/\/argentina.dineromail.com\/Shop\/Shop_Ingreso.asp' method='post'>\n<input type='submit' class=\"btn btn-success\" name='submit' alt='Pagar con DineroMail' value='Comprar'><br \/>\n<input type='hidden' name='NombreItem' value='#4'><br \/>\n<input type='hidden' name='TipoMoneda' value='1'><br \/>\n<input type='hidden' name='PrecioItem' value='22.00'><br \/>\n<input type='hidden' name='E_Comercio' value='3425172'><br \/>\n<input type='hidden' name='NroItem' value='-'><br \/>\n<input type='hidden' name='DireccionExito' value='http:\/\/'><br \/>\n<input type='hidden' name='DireccionFracaso' value='http:\/\/'><br \/>\n<input type='hidden' name='DireccionEnvio' value='1'><br \/>\n<input type='hidden' name='Mensaje' value='1'><br \/>\n<\/form>\n","protected":false},"excerpt":{"rendered":"<p>Ana Frenkel, El Culebr\u00f3n Timbal, Osqui Guzm\u00e1n, Trillo por Maicas, Mutazion y mucho m\u00e1s.<\/p>\n<p>*\u00a0Incluye env\u00edo a domicilio a todo el territorio argentino.<\/p>\n<form action='https:\/\/argentina.dineromail.com\/Shop\/Shop_Ingreso.asp' method='post'>\n<input type='submit' class=\"btn btn-success\" name='submit' alt='Pagar con DineroMail' value='Comprar'><br \/>\n<input type='hidden' name='NombreItem' value='#4'><br \/>\n<input type='hidden' name='TipoMoneda' value='1'><br \/>\n<input type='hidden' name='PrecioItem' value='22.00'><br \/>\n<input type='hidden' name='E_Comercio' value='3425172'><br \/>\n<input type='hidden' name='NroItem' value='-'><br \/>\n<input type='hidden' name='DireccionExito' value='http:\/\/'><br \/>\n<input type='hidden' name='DireccionFracaso' value='http:\/\/'><br \/>\n<input type='hidden' name='DireccionEnvio' value='1'><br \/>\n<input type='hidden' name='Mensaje' value='1'><br \/>\n<\/form>\n","protected":false},"featured_media":46,"comment_status":"closed","ping_status":"closed","template":"","meta":[],"product_brand":[],"product_cat":[6],"product_tag":[],"class_list":{"0":"post-45","1":"product","2":"type-product","3":"status-publish","4":"has-post-thumbnail","6":"product_cat-revistas","8":"first","9":"instock","10":"shipping-taxable","11":"purchasable","12":"product-type-simple"},"_links":{"self":[{"href":"http:\/\/lanan.com.ar\/tienda\/wp-json\/wp\/v2\/product\/45","targetHints":{"allow":["GET"]}}],"collection":[{"href":"http:\/\/lanan.com.ar\/tienda\/wp-json\/wp\/v2\/product"}],"about":[{"href":"http:\/\/lanan.com.ar\/tienda\/wp-json\/wp\/v2\/types\/product"}],"replies":[{"embeddable":true,"href":"http:\/\/lanan.com.ar\/tienda\/wp-json\/wp\/v2\/comments?post=45"}],"wp:featuredmedia":[{"embeddable":true,"href":"http:\/\/lanan.com.ar\/tienda\/wp-json\/wp\/v2\/media\/46"}],"wp:attachment":[{"href":"http:\/\/lanan.com.ar\/tienda\/wp-json\/wp\/v2\/media?parent=45"}],"wp:term":[{"taxonomy":"product_brand","embeddable":true,"href":"http:\/\/lanan.com.ar\/tienda\/wp-json\/wp\/v2\/product_brand?post=45"},{"taxonomy":"product_cat","embeddable":true,"href":"http:\/\/lanan.com.ar\/tienda\/wp-json\/wp\/v2\/product_cat?post=45"},{"taxonomy":"product_tag","embeddable":true,"href":"http:\/\/lanan.com.ar\/tienda\/wp-json\/wp\/v2\/product_tag?post=45"}],"curies":[{"name":"wp","href":"https:\/\/api.w.org\/{rel}","templated":true}]}}