{"id":52,"date":"2015-02-05T22:26:12","date_gmt":"2015-02-05T22:26:12","guid":{"rendered":"http:\/\/lanan.com.ar\/tienda\/producto\/revista_7\/"},"modified":"2015-02-05T22:38:20","modified_gmt":"2015-02-05T22:38:20","slug":"revista_7","status":"publish","type":"product","link":"http:\/\/lanan.com.ar\/tienda\/producto\/revista_7\/","title":{"rendered":"#7 (may-jun 2012)"},"content":{"rendered":"<p><strong>SUMARIO<\/strong><br \/>\n&#8211; Copa Hombre Nuevo: en la cancha se ven los pingos.<br \/>\n&#8211; Lachacha: las bateas contraatacan.<br \/>\n&#8211; Atahualpa Yupanqui: el peregrino del tiempo.<br \/>\n&#8211; Diario de Poes\u00eda: \u00a1basta ya de prosa!<br \/>\n&#8211; Sof\u00eda Viola: m\u00fasica pagana.<br \/>\n&#8211; Cr\u00f3nica sobre Medell\u00edn. Escribe Katalina V\u00e1zquez Guzm\u00e1n.<br \/>\n&#8211; Arte y plagio. Escriben Claudio Zeiger y Juan Jos\u00e9 Burzi.<br \/>\n&#8211; La era del autor de historietas.<br \/>\n&#8211; Iconoclasistas: pinta tu aldea.<br \/>\n&#8211; Alfredo Casero: el gordo en pelotas.<br \/>\n&#8211; \u201cEl fabricante de fantasmas\u201d: para cumplirle el viejo sue\u00f1o.<br \/>\n&#8211; Compa\u00f1\u00eda Andante: \u201cHay que encender la danza\u201d.<br \/>\n&#8211; Arte posporno.<br \/>\n&#8211; Festival Internacional de Folklore de Buenos Aires.<br \/>\n&#8211; Ensayo: \u201cEl periodismo en su laberinto\u201d. Escribe Adri\u00e1n Figueroa D\u00edaz.<br \/>\n&#8211; Osvaldo Lamborghini por Rodolfo Fogwill.<br \/>\n&#8211; Gabriel Fern\u00e1ndez Chapo: \u201cHay algo universal en lo local de mis historias\u201d.<br \/>\n&#8211; Cuento: \u201cEl cerdo\u201d, de Nicol\u00e1s Alonso. Tira: Diego Villa.<\/p>\n<p>*\u00a0Incluye env\u00edo a domicilio a todo el territorio argentino. Por env\u00edos a otros pa\u00edses, consultar a <a title=\"Correo electr\u00f3nico\" href=\"mailto:hola@lanan.com.ar\" target=\"_blank\">hola@lanan.com.ar<\/a>.<\/p>\n<form action=\"https:\/\/argentina.dineromail.com\/Shop\/Shop_Ingreso.asp\" method=\"post\"><input class=\"btn btn-success\" alt=\"Pagar con DineroMail\" name=\"submit\" type=\"submit\" value=\"Comprar\" \/><br \/>\n<input name=\"NombreItem\" type=\"hidden\" value=\"#7\" \/><br \/>\n<input name=\"TipoMoneda\" type=\"hidden\" value=\"1\" \/><br \/>\n<input name=\"PrecioItem\" type=\"hidden\" value=\"22.00\" \/><br \/>\n<input name=\"E_Comercio\" type=\"hidden\" value=\"3425172\" \/><br \/>\n<input name=\"NroItem\" type=\"hidden\" value=\"-\" \/><br \/>\n<input name=\"DireccionExito\" type=\"hidden\" value=\"http:\/\/\" \/><br \/>\n<input name=\"DireccionFracaso\" type=\"hidden\" value=\"http:\/\/\" \/><br \/>\n<input name=\"DireccionEnvio\" type=\"hidden\" value=\"1\" \/><br \/>\n<input name=\"Mensaje\" type=\"hidden\" value=\"1\" \/><\/form>\n","protected":false},"excerpt":{"rendered":"<p>Atahualpa Yupanqui, Sof\u00eda Viola, Iconoclasistas, Alfredo Casero, Gabriel Fern\u00e1ndez Chapo y mucho m\u00e1s. <\/p>\n<p>*\u00a0Incluye env\u00edo a domicilio a todo el territorio argentino.<\/p>\n<form action=\"https:\/\/argentina.dineromail.com\/Shop\/Shop_Ingreso.asp\" method=\"post\"><input class=\"btn btn-success\" alt=\"Pagar con DineroMail\" name=\"submit\" type=\"submit\" value=\"Comprar\" \/><br \/>\n<input name=\"NombreItem\" type=\"hidden\" value=\"#7\" \/><br \/>\n<input name=\"TipoMoneda\" type=\"hidden\" value=\"1\" \/><br \/>\n<input name=\"PrecioItem\" type=\"hidden\" value=\"22.00\" \/><br \/>\n<input name=\"E_Comercio\" type=\"hidden\" value=\"3425172\" \/><br \/>\n<input name=\"NroItem\" type=\"hidden\" value=\"-\" \/><br \/>\n<input name=\"DireccionExito\" type=\"hidden\" value=\"http:\/\/\" \/><br \/>\n<input name=\"DireccionFracaso\" type=\"hidden\" value=\"http:\/\/\" \/><br \/>\n<input name=\"DireccionEnvio\" type=\"hidden\" value=\"1\" \/><br \/>\n<input name=\"Mensaje\" type=\"hidden\" value=\"1\" \/><\/form>\n","protected":false},"featured_media":53,"comment_status":"closed","ping_status":"closed","template":"","meta":[],"product_brand":[],"product_cat":[6],"product_tag":[],"class_list":{"0":"post-52","1":"product","2":"type-product","3":"status-publish","4":"has-post-thumbnail","6":"product_cat-revistas","8":"first","9":"instock","10":"shipping-taxable","11":"purchasable","12":"product-type-simple"},"_links":{"self":[{"href":"http:\/\/lanan.com.ar\/tienda\/wp-json\/wp\/v2\/product\/52","targetHints":{"allow":["GET"]}}],"collection":[{"href":"http:\/\/lanan.com.ar\/tienda\/wp-json\/wp\/v2\/product"}],"about":[{"href":"http:\/\/lanan.com.ar\/tienda\/wp-json\/wp\/v2\/types\/product"}],"replies":[{"embeddable":true,"href":"http:\/\/lanan.com.ar\/tienda\/wp-json\/wp\/v2\/comments?post=52"}],"wp:featuredmedia":[{"embeddable":true,"href":"http:\/\/lanan.com.ar\/tienda\/wp-json\/wp\/v2\/media\/53"}],"wp:attachment":[{"href":"http:\/\/lanan.com.ar\/tienda\/wp-json\/wp\/v2\/media?parent=52"}],"wp:term":[{"taxonomy":"product_brand","embeddable":true,"href":"http:\/\/lanan.com.ar\/tienda\/wp-json\/wp\/v2\/product_brand?post=52"},{"taxonomy":"product_cat","embeddable":true,"href":"http:\/\/lanan.com.ar\/tienda\/wp-json\/wp\/v2\/product_cat?post=52"},{"taxonomy":"product_tag","embeddable":true,"href":"http:\/\/lanan.com.ar\/tienda\/wp-json\/wp\/v2\/product_tag?post=52"}],"curies":[{"name":"wp","href":"https:\/\/api.w.org\/{rel}","templated":true}]}}