{"id":58,"date":"2015-02-06T00:33:14","date_gmt":"2015-02-06T00:33:14","guid":{"rendered":"http:\/\/lanan.com.ar\/tienda\/producto\/revista_9\/"},"modified":"2015-06-20T15:52:15","modified_gmt":"2015-06-20T15:52:15","slug":"revista_9","status":"publish","type":"product","link":"http:\/\/lanan.com.ar\/tienda\/producto\/revista_9\/","title":{"rendered":"#9 (sep-oct 2012)"},"content":{"rendered":"<p><strong>SUMARIO<\/strong><br \/>\n&#8211; Philo Ba\u00f1istas: para leer en el trono.<br \/>\n&#8211; PoxyClub: ni\u00f1os bien que se portan mal.<br \/>\n&#8211; Especial D\u00eda de la Salud Mental.<br \/>\n&#8211; Sonido Ambiente: un desaf\u00edo esc\u00e9nico.<br \/>\n&#8211; Casta\u00f1as de Caju: semillas de la canci\u00f3n.<br \/>\n&#8211; Cr\u00f3nica del conflicto palestino-israel\u00ed. Escribe Mar\u00eda Laura Carpineta desde Cisjordania.<br \/>\n&#8211; Arte y h\u00e9roes. Escriben Ezequiel Boetti y Quique Alcatena.<br \/>\n&#8211; C\u00f3mo act\u00faan las editoriales ante los eventos de historieta.<br \/>\n&#8211; Farolitos: rock social y deportivo.<br \/>\n&#8211; Ariel Minimal: obrero del rock &#038; roll.<br \/>\n&#8211; \u201cDemo\u201d: el amor es un juego de opuestos.<br \/>\n&#8211; Melisa Hermida: \u201cEn la actuaci\u00f3n no hay que entender\u201d.<br \/>\n&#8211; Casas culturales. Opina A. En Huelgadearte desde Espa\u00f1a.<br \/>\n&#8211; Morbo &#038; Mambo: el ba\u00fal de la abuela.<br \/>\n&#8211; Ensayo sobre activismo creativo en Espa\u00f1a.<br \/>\n&#8211; Alejandra Pizarnik por Fernando Noy.<br \/>\n&#8211; Dami\u00e1n Selci: \u201cLa literatura no capta las emociones actuales\u201d.<br \/>\n&#8211; Cuento: \u201cLireno\u201d, de Valeria Tentoni. Tira: Diego Villa.<\/p>\n<p>*\u00a0Incluye env\u00edo a domicilio a todo el territorio argentino. Por env\u00edos a otros pa\u00edses, consultar a <a title=\"Correo electr\u00f3nico\" href=\"mailto:hola@lanan.com.ar\" target=\"_blank\">hola@lanan.com.ar<\/a>.<\/p>\n<form action=\"https:\/\/argentina.dineromail.com\/Shop\/Shop_Ingreso.asp\" method=\"post\"><input class=\"btn btn-success\" alt=\"Pagar con DineroMail\" name=\"submit\" type=\"submit\" value=\"Comprar\" \/><br \/>\n<input name=\"NombreItem\" type=\"hidden\" value=\"#9\" \/><br \/>\n<input name=\"TipoMoneda\" type=\"hidden\" value=\"1\" \/><br \/>\n<input name=\"PrecioItem\" type=\"hidden\" value=\"22.00\" \/><br \/>\n<input name=\"E_Comercio\" type=\"hidden\" value=\"3425172\" \/><br \/>\n<input name=\"NroItem\" type=\"hidden\" value=\"-\" \/><br \/>\n<input name=\"DireccionExito\" type=\"hidden\" value=\"http:\/\/\" \/><br \/>\n<input name=\"DireccionFracaso\" type=\"hidden\" value=\"http:\/\/\" \/><br \/>\n<input name=\"DireccionEnvio\" type=\"hidden\" value=\"1\" \/><br \/>\n<input name=\"Mensaje\" type=\"hidden\" value=\"1\" \/><\/form>\n","protected":false},"excerpt":{"rendered":"<p>Sonido Ambiente, cr\u00f3nica del conflicto palestino-israel\u00ed, Ariel Minimal, casas culturales, Pizarnik por Noy y mucho m\u00e1s.<\/p>\n<p>*\u00a0Incluye env\u00edo a domicilio a todo el territorio argentino.<\/p>\n<form action=\"https:\/\/argentina.dineromail.com\/Shop\/Shop_Ingreso.asp\" method=\"post\"><input class=\"btn btn-success\" alt=\"Pagar con DineroMail\" name=\"submit\" type=\"submit\" value=\"Comprar\" \/><br \/>\n<input name=\"NombreItem\" type=\"hidden\" value=\"#9\" \/><br \/>\n<input name=\"TipoMoneda\" type=\"hidden\" value=\"1\" \/><br \/>\n<input name=\"PrecioItem\" type=\"hidden\" value=\"22.00\" \/><br \/>\n<input name=\"E_Comercio\" type=\"hidden\" value=\"3425172\" \/><br \/>\n<input name=\"NroItem\" type=\"hidden\" value=\"-\" \/><br \/>\n<input name=\"DireccionExito\" type=\"hidden\" value=\"http:\/\/\" \/><br \/>\n<input name=\"DireccionFracaso\" type=\"hidden\" value=\"http:\/\/\" \/><br \/>\n<input name=\"DireccionEnvio\" type=\"hidden\" value=\"1\" \/><br \/>\n<input name=\"Mensaje\" type=\"hidden\" value=\"1\" \/><\/form>\n","protected":false},"featured_media":59,"comment_status":"closed","ping_status":"closed","template":"","meta":[],"product_brand":[],"product_cat":[6],"product_tag":[],"class_list":{"0":"post-58","1":"product","2":"type-product","3":"status-publish","4":"has-post-thumbnail","6":"product_cat-revistas","8":"first","9":"outofstock","10":"shipping-taxable","11":"purchasable","12":"product-type-simple"},"_links":{"self":[{"href":"http:\/\/lanan.com.ar\/tienda\/wp-json\/wp\/v2\/product\/58","targetHints":{"allow":["GET"]}}],"collection":[{"href":"http:\/\/lanan.com.ar\/tienda\/wp-json\/wp\/v2\/product"}],"about":[{"href":"http:\/\/lanan.com.ar\/tienda\/wp-json\/wp\/v2\/types\/product"}],"replies":[{"embeddable":true,"href":"http:\/\/lanan.com.ar\/tienda\/wp-json\/wp\/v2\/comments?post=58"}],"wp:featuredmedia":[{"embeddable":true,"href":"http:\/\/lanan.com.ar\/tienda\/wp-json\/wp\/v2\/media\/59"}],"wp:attachment":[{"href":"http:\/\/lanan.com.ar\/tienda\/wp-json\/wp\/v2\/media?parent=58"}],"wp:term":[{"taxonomy":"product_brand","embeddable":true,"href":"http:\/\/lanan.com.ar\/tienda\/wp-json\/wp\/v2\/product_brand?post=58"},{"taxonomy":"product_cat","embeddable":true,"href":"http:\/\/lanan.com.ar\/tienda\/wp-json\/wp\/v2\/product_cat?post=58"},{"taxonomy":"product_tag","embeddable":true,"href":"http:\/\/lanan.com.ar\/tienda\/wp-json\/wp\/v2\/product_tag?post=58"}],"curies":[{"name":"wp","href":"https:\/\/api.w.org\/{rel}","templated":true}]}}