{"id":67,"date":"2015-02-06T01:54:13","date_gmt":"2015-02-06T01:54:13","guid":{"rendered":"http:\/\/lanan.com.ar\/tienda\/producto\/revista_10\/"},"modified":"2015-02-06T02:48:23","modified_gmt":"2015-02-06T02:48:23","slug":"revista_10","status":"publish","type":"product","link":"http:\/\/lanan.com.ar\/tienda\/producto\/revista_10\/","title":{"rendered":"#10 (nov-dic 2012)"},"content":{"rendered":"<p><strong>SUMARIO<\/strong><br \/>\n&#8211; Bailar Porque S\u00ed: crear sin ataduras.<br \/>\n&#8211; Willy Polvor\u00f3n: el t\u00edo bizarro.<br \/>\n&#8211; Especial fin del mundo. Escriben Julieta Acosta, Lisandro Rodr\u00edguez, Chelo Candia, Dami\u00e1n Pa\u00fal Espina, Capit\u00e1n Fok y Mayra Bonard.<br \/>\n&#8211; Velociraptors: la supremac\u00eda nerd.<br \/>\n&#8211; Julio &#038; Agosto: m\u00fasica para volar.<br \/>\n&#8211; Cr\u00f3nica de Venezuela. Escribe Felipe Yapur.<br \/>\n&#8211; Arte y formaci\u00f3n. Escriben Mariana Delfino y Ra\u00fal Perrone.<br \/>\n&#8211; El auge de la historieta period\u00edstica.<br \/>\n&#8211; Susy Shock: mi bella monstruo.<br \/>\n&#8211; Pablo Marchetti: \u201cMe apasiona meterme en las cloacas del idioma\u201d.<br \/>\n&#8211; \u201cSimpat\u00eda\u201d: contra todos los males de este mundo.<br \/>\n&#8211; Jorge Dubatti: \u201cEl teatro est\u00e1 irradiado socialmente en muchas esferas\u201d.<br \/>\n&#8211; Arte y tecnolog\u00eda.<br \/>\n&#8211; Liza Casullo: terciopelo y fuego.<br \/>\n&#8211; Ensayo sobre los cacerolazos. Escribe Nicol\u00e1s Alonso.<br \/>\n&#8211; Vicente Luy por Osvaldo Vigna.<br \/>\n&#8211; Pablo Katchadjian: \u201cLas cosas ocurren mientras uno escribe\u201d.<br \/>\n&#8211; \u201cLautaro y la p\u00f3lvora\u201d, por Camila Fabbri. Tira: Diego Villa.<\/p>\n<p>*\u00a0Incluye env\u00edo a domicilio a todo el territorio argentino. Por env\u00edos a otros pa\u00edses, consultar a <a title=\"Correo electr\u00f3nico\" href=\"mailto:hola@lanan.com.ar\" target=\"_blank\">hola@lanan.com.ar<\/a>.<\/p>\n<form action=\"https:\/\/argentina.dineromail.com\/Shop\/Shop_Ingreso.asp\" method=\"post\"><input class=\"btn btn-success\" alt=\"Pagar con DineroMail\" name=\"submit\" type=\"submit\" value=\"Comprar\" \/><br \/>\n<input name=\"NombreItem\" type=\"hidden\" value=\"#10\" \/><br \/>\n<input name=\"TipoMoneda\" type=\"hidden\" value=\"1\" \/><br \/>\n<input name=\"PrecioItem\" type=\"hidden\" value=\"22.00\" \/><br \/>\n<input name=\"E_Comercio\" type=\"hidden\" value=\"3425172\" \/><br \/>\n<input name=\"NroItem\" type=\"hidden\" value=\"-\" \/><br \/>\n<input name=\"DireccionExito\" type=\"hidden\" value=\"http:\/\/\" \/><br \/>\n<input name=\"DireccionFracaso\" type=\"hidden\" value=\"http:\/\/\" \/><br \/>\n<input name=\"DireccionEnvio\" type=\"hidden\" value=\"1\" \/><br \/>\n<input name=\"Mensaje\" type=\"hidden\" value=\"1\" \/><\/form>\n","protected":false},"excerpt":{"rendered":"<p>Willy Polvor\u00f3n, Julio &#038; Agosto, cr\u00f3nica de Venezuela, Pablo Marchetti, Pablo Katchadjian y mucho m\u00e1s. <\/p>\n<p>*\u00a0Incluye env\u00edo a domicilio a todo el territorio argentino.<\/p>\n<form action=\"https:\/\/argentina.dineromail.com\/Shop\/Shop_Ingreso.asp\" method=\"post\"><input class=\"btn btn-success\" alt=\"Pagar con DineroMail\" name=\"submit\" type=\"submit\" value=\"Comprar\" \/><br \/>\n<input name=\"NombreItem\" type=\"hidden\" value=\"#10\" \/><br \/>\n<input name=\"TipoMoneda\" type=\"hidden\" value=\"1\" \/><br \/>\n<input name=\"PrecioItem\" type=\"hidden\" value=\"22.00\" \/><br \/>\n<input name=\"E_Comercio\" type=\"hidden\" value=\"3425172\" \/><br \/>\n<input name=\"NroItem\" type=\"hidden\" value=\"-\" \/><br \/>\n<input name=\"DireccionExito\" type=\"hidden\" value=\"http:\/\/\" \/><br \/>\n<input name=\"DireccionFracaso\" type=\"hidden\" value=\"http:\/\/\" \/><br \/>\n<input name=\"DireccionEnvio\" type=\"hidden\" value=\"1\" \/><br \/>\n<input name=\"Mensaje\" type=\"hidden\" value=\"1\" \/><\/form>\n","protected":false},"featured_media":62,"comment_status":"closed","ping_status":"closed","template":"","meta":[],"product_brand":[],"product_cat":[6],"product_tag":[],"class_list":{"0":"post-67","1":"product","2":"type-product","3":"status-publish","4":"has-post-thumbnail","6":"product_cat-revistas","8":"first","9":"instock","10":"shipping-taxable","11":"purchasable","12":"product-type-simple"},"_links":{"self":[{"href":"http:\/\/lanan.com.ar\/tienda\/wp-json\/wp\/v2\/product\/67","targetHints":{"allow":["GET"]}}],"collection":[{"href":"http:\/\/lanan.com.ar\/tienda\/wp-json\/wp\/v2\/product"}],"about":[{"href":"http:\/\/lanan.com.ar\/tienda\/wp-json\/wp\/v2\/types\/product"}],"replies":[{"embeddable":true,"href":"http:\/\/lanan.com.ar\/tienda\/wp-json\/wp\/v2\/comments?post=67"}],"wp:featuredmedia":[{"embeddable":true,"href":"http:\/\/lanan.com.ar\/tienda\/wp-json\/wp\/v2\/media\/62"}],"wp:attachment":[{"href":"http:\/\/lanan.com.ar\/tienda\/wp-json\/wp\/v2\/media?parent=67"}],"wp:term":[{"taxonomy":"product_brand","embeddable":true,"href":"http:\/\/lanan.com.ar\/tienda\/wp-json\/wp\/v2\/product_brand?post=67"},{"taxonomy":"product_cat","embeddable":true,"href":"http:\/\/lanan.com.ar\/tienda\/wp-json\/wp\/v2\/product_cat?post=67"},{"taxonomy":"product_tag","embeddable":true,"href":"http:\/\/lanan.com.ar\/tienda\/wp-json\/wp\/v2\/product_tag?post=67"}],"curies":[{"name":"wp","href":"https:\/\/api.w.org\/{rel}","templated":true}]}}