{"id":74,"date":"2015-02-06T20:54:36","date_gmt":"2015-02-06T20:54:36","guid":{"rendered":"http:\/\/lanan.com.ar\/tienda\/producto\/revista_14\/"},"modified":"2015-02-06T21:12:37","modified_gmt":"2015-02-06T21:12:37","slug":"revista_14","status":"publish","type":"product","link":"http:\/\/lanan.com.ar\/tienda\/producto\/revista_14\/","title":{"rendered":"#14 (sep-oct 2013)"},"content":{"rendered":"<p><strong>SUMARIO<\/strong><br \/>\n&#8211; Ra\u00fal Lemesoff: guerrillero de mil historias.<br \/>\n&#8211; Especial a 62 a\u00f1os de la primera transmisi\u00f3n de la TV en Argentina.<br \/>\n&#8211; MAFIA: los innombrables.<br \/>\n&#8211; La Ola Que Quer\u00eda Ser Chau: adolescencia ininterrumpida.<br \/>\n&#8211; Cr\u00f3nica carcelaria. Escribe Liliana Cabrera.<br \/>\n&#8211; Ensayo sobre videojuegos. Escribe Juan Francisco Ruocco.<br \/>\n&#8211; Le\u00f3n Ferrari por Andr\u00e9s Duprat.<br \/>\n&#8211; A siete a\u00f1os de la desaparici\u00f3n de Jorge Julio L\u00f3pez.<br \/>\n&#8211; Gabo Ferro: la venganza del cordero atado.<br \/>\n&#8211; Petr\u00f3leo: energ\u00eda negativa.<br \/>\n&#8211; Lucy Patan\u00e9 &#038; Marina Fag\u00e9s y Las Taradas: las mujeres arriba.<br \/>\n&#8211; Cultura y peronismo: la \u00fanica verdad es la realidad. Opina Pedro Saborido.<br \/>\n&#8211; \u201cParte de este mundo\u201d: el banquete.<br \/>\n&#8211; Laura Zapata: big mama.<br \/>\n&#8211; Midia Ninja: la calle en primer plano.<br \/>\n&#8211; \u201cPap\u00e1 y Mariela\u201d, por Laura Meradi. Tira: Diego Villa.<\/p>\n<p>*\u00a0Incluye env\u00edo a domicilio a todo el territorio argentino. Por env\u00edos a otros pa\u00edses, consultar a <a title=\"Correo electr\u00f3nico\" href=\"mailto:hola@lanan.com.ar\" target=\"_blank\">hola@lanan.com.ar<\/a>.<\/p>\n<form action=\"https:\/\/argentina.dineromail.com\/Shop\/Shop_Ingreso.asp\" method=\"post\"><input class=\"btn btn-success\" alt=\"Pagar con DineroMail\" name=\"submit\" type=\"submit\" value=\"Comprar\" \/><br \/>\n<input name=\"NombreItem\" type=\"hidden\" value=\"#14\" \/><br \/>\n<input name=\"TipoMoneda\" type=\"hidden\" value=\"1\" \/><br \/>\n<input name=\"PrecioItem\" type=\"hidden\" value=\"22.00\" \/><br \/>\n<input name=\"E_Comercio\" type=\"hidden\" value=\"3425172\" \/><br \/>\n<input name=\"NroItem\" type=\"hidden\" value=\"-\" \/><br \/>\n<input name=\"DireccionExito\" type=\"hidden\" value=\"http:\/\/\" \/><br \/>\n<input name=\"DireccionFracaso\" type=\"hidden\" value=\"http:\/\/\" \/><br \/>\n<input name=\"DireccionEnvio\" type=\"hidden\" value=\"1\" \/><br \/>\n<input name=\"Mensaje\" type=\"hidden\" value=\"1\" \/><\/form>\n","protected":false},"excerpt":{"rendered":"<p>Midia Ninja, La Ola Que Quer\u00eda Ser Chau, cr\u00f3nica carcelaria, videojuegos, Gabo Ferro y mucho m\u00e1s. <\/p>\n<p>*\u00a0Incluye env\u00edo a domicilio a todo el territorio argentino.<\/p>\n<form action=\"https:\/\/argentina.dineromail.com\/Shop\/Shop_Ingreso.asp\" method=\"post\"><input class=\"btn btn-success\" alt=\"Pagar con DineroMail\" name=\"submit\" type=\"submit\" value=\"Comprar\" \/><br \/>\n<input name=\"NombreItem\" type=\"hidden\" value=\"#14\" \/><br \/>\n<input name=\"TipoMoneda\" type=\"hidden\" value=\"1\" \/><br \/>\n<input name=\"PrecioItem\" type=\"hidden\" value=\"22.00\" \/><br \/>\n<input name=\"E_Comercio\" type=\"hidden\" value=\"3425172\" \/><br \/>\n<input name=\"NroItem\" type=\"hidden\" value=\"-\" \/><br \/>\n<input name=\"DireccionExito\" type=\"hidden\" value=\"http:\/\/\" \/><br \/>\n<input name=\"DireccionFracaso\" type=\"hidden\" value=\"http:\/\/\" \/><br \/>\n<input name=\"DireccionEnvio\" type=\"hidden\" value=\"1\" \/><br \/>\n<input name=\"Mensaje\" type=\"hidden\" value=\"1\" \/><\/form>\n","protected":false},"featured_media":75,"comment_status":"closed","ping_status":"closed","template":"","meta":[],"product_brand":[],"product_cat":[6],"product_tag":[],"class_list":{"0":"post-74","1":"product","2":"type-product","3":"status-publish","4":"has-post-thumbnail","6":"product_cat-revistas","8":"first","9":"instock","10":"shipping-taxable","11":"purchasable","12":"product-type-simple"},"_links":{"self":[{"href":"http:\/\/lanan.com.ar\/tienda\/wp-json\/wp\/v2\/product\/74","targetHints":{"allow":["GET"]}}],"collection":[{"href":"http:\/\/lanan.com.ar\/tienda\/wp-json\/wp\/v2\/product"}],"about":[{"href":"http:\/\/lanan.com.ar\/tienda\/wp-json\/wp\/v2\/types\/product"}],"replies":[{"embeddable":true,"href":"http:\/\/lanan.com.ar\/tienda\/wp-json\/wp\/v2\/comments?post=74"}],"wp:featuredmedia":[{"embeddable":true,"href":"http:\/\/lanan.com.ar\/tienda\/wp-json\/wp\/v2\/media\/75"}],"wp:attachment":[{"href":"http:\/\/lanan.com.ar\/tienda\/wp-json\/wp\/v2\/media?parent=74"}],"wp:term":[{"taxonomy":"product_brand","embeddable":true,"href":"http:\/\/lanan.com.ar\/tienda\/wp-json\/wp\/v2\/product_brand?post=74"},{"taxonomy":"product_cat","embeddable":true,"href":"http:\/\/lanan.com.ar\/tienda\/wp-json\/wp\/v2\/product_cat?post=74"},{"taxonomy":"product_tag","embeddable":true,"href":"http:\/\/lanan.com.ar\/tienda\/wp-json\/wp\/v2\/product_tag?post=74"}],"curies":[{"name":"wp","href":"https:\/\/api.w.org\/{rel}","templated":true}]}}