{"id":83,"date":"2015-02-06T22:04:25","date_gmt":"2015-02-06T22:04:25","guid":{"rendered":"http:\/\/lanan.com.ar\/tienda\/producto\/revista_17\/"},"modified":"2015-02-06T22:32:46","modified_gmt":"2015-02-06T22:32:46","slug":"revista_17","status":"publish","type":"product","link":"http:\/\/lanan.com.ar\/tienda\/producto\/revista_17\/","title":{"rendered":"#17 (may-jun 2014)"},"content":{"rendered":"<p><strong>SUMARIO<\/strong><br \/>\n&#8211; Elige Tu Propia Aventura: fanzine interactivo.<br \/>\n&#8211; Ricardo Pene Liniers: todo es un remix.<br \/>\n&#8211; Encuentro en el Establo: duros de domar.<br \/>\n&#8211; \u00bfMuseos en crisis?<br \/>\n&#8211; Como Diamantes Telep\u00e1ticos: \u201cEl trabajo es entregarnos al cambio\u201d.<br \/>\n&#8211; VideoFlims: \u201cHay mucho prejuicio sobre lo bizarro\u201d.<br \/>\n&#8211; Pajarito Zagur\u00ed por Gabriel Patrono.<br \/>\n&#8211; Altas Wachas: bancate la bombacheada.<br \/>\n&#8211; Lucas Lagr\u00e9: \u201cEl teatro tiene que desacomodar al espectador\u201d.<br \/>\n&#8211; \u201cSonata en s\u00ed menor\u201d: recuerdos de la muerte.<br \/>\n&#8211; Bestia Beb\u00e9: \u201cEs una boludez pensar en la plata y no salir a tocar\u201d.<br \/>\n&#8211; La otra cara del Mundial: el baile de los pobres.<br \/>\n&#8211; Ciclo Sucede: el \u201cSaturday Night Live\u201d argento.<br \/>\n&#8211; Cuento: Mart\u00edn Castagnet. Ilustra Jo Mur\u00faa.<br \/>\n&#8211; Mano dura: cana para todos.<br \/>\n&#8211; Ensayo sobre los linchamientos. Escribe Luciana Bertoia.<br \/>\n&#8211; \u201cEsquinas en el cielo\u201d: microf\u00edsica del encierro.<br \/>\n&#8211; Gabriela Merlinsky: \u201cHay colectivos que logran imponer sus voces\u201d.<br \/>\n&#8211; Historieta: Manuel Loza.<\/p>\n<p>*\u00a0Incluye env\u00edo a domicilio a todo el territorio argentino. Por env\u00edos a otros pa\u00edses, consultar a <a title=\"Correo electr\u00f3nico\" href=\"mailto:hola@lanan.com.ar\" target=\"_blank\">hola@lanan.com.ar<\/a>.<\/p>\n<form action=\"https:\/\/argentina.dineromail.com\/Shop\/Shop_Ingreso.asp\" method=\"post\"><input class=\"btn btn-success\" alt=\"Pagar con DineroMail\" name=\"submit\" type=\"submit\" value=\"Comprar\" \/><br \/>\n<input name=\"NombreItem\" type=\"hidden\" value=\"#17\" \/><br \/>\n<input name=\"TipoMoneda\" type=\"hidden\" value=\"1\" \/><br \/>\n<input name=\"PrecioItem\" type=\"hidden\" value=\"22.00\" \/><br \/>\n<input name=\"E_Comercio\" type=\"hidden\" value=\"3425172\" \/><br \/>\n<input name=\"NroItem\" type=\"hidden\" value=\"-\" \/><br \/>\n<input name=\"DireccionExito\" type=\"hidden\" value=\"http:\/\/\" \/><br \/>\n<input name=\"DireccionFracaso\" type=\"hidden\" value=\"http:\/\/\" \/><br \/>\n<input name=\"DireccionEnvio\" type=\"hidden\" value=\"1\" \/><br \/>\n<input name=\"Mensaje\" type=\"hidden\" value=\"1\" \/><\/form>\n","protected":false},"excerpt":{"rendered":"<p>Como Diamantes Telep\u00e1ticos, Lucas Lagr\u00e9, Bestia Beb\u00e9, mano dura, Gabriela Merlinsky y mucho m\u00e1s.<\/p>\n<p>*\u00a0Incluye env\u00edo a domicilio a todo el territorio argentino.<\/p>\n<form action=\"https:\/\/argentina.dineromail.com\/Shop\/Shop_Ingreso.asp\" method=\"post\"><input class=\"btn btn-success\" alt=\"Pagar con DineroMail\" name=\"submit\" type=\"submit\" value=\"Comprar\" \/><br \/>\n<input name=\"NombreItem\" type=\"hidden\" value=\"#17\" \/><br \/>\n<input name=\"TipoMoneda\" type=\"hidden\" value=\"1\" \/><br \/>\n<input name=\"PrecioItem\" type=\"hidden\" value=\"22.00\" \/><br \/>\n<input name=\"E_Comercio\" type=\"hidden\" value=\"3425172\" \/><br \/>\n<input name=\"NroItem\" type=\"hidden\" value=\"-\" \/><br \/>\n<input name=\"DireccionExito\" type=\"hidden\" value=\"http:\/\/\" \/><br \/>\n<input name=\"DireccionFracaso\" type=\"hidden\" value=\"http:\/\/\" \/><br \/>\n<input name=\"DireccionEnvio\" type=\"hidden\" value=\"1\" \/><br \/>\n<input name=\"Mensaje\" type=\"hidden\" value=\"1\" \/><\/form>\n","protected":false},"featured_media":84,"comment_status":"closed","ping_status":"closed","template":"","meta":[],"product_brand":[],"product_cat":[6],"product_tag":[],"class_list":{"0":"post-83","1":"product","2":"type-product","3":"status-publish","4":"has-post-thumbnail","6":"product_cat-revistas","8":"first","9":"instock","10":"shipping-taxable","11":"purchasable","12":"product-type-simple"},"_links":{"self":[{"href":"http:\/\/lanan.com.ar\/tienda\/wp-json\/wp\/v2\/product\/83","targetHints":{"allow":["GET"]}}],"collection":[{"href":"http:\/\/lanan.com.ar\/tienda\/wp-json\/wp\/v2\/product"}],"about":[{"href":"http:\/\/lanan.com.ar\/tienda\/wp-json\/wp\/v2\/types\/product"}],"replies":[{"embeddable":true,"href":"http:\/\/lanan.com.ar\/tienda\/wp-json\/wp\/v2\/comments?post=83"}],"wp:featuredmedia":[{"embeddable":true,"href":"http:\/\/lanan.com.ar\/tienda\/wp-json\/wp\/v2\/media\/84"}],"wp:attachment":[{"href":"http:\/\/lanan.com.ar\/tienda\/wp-json\/wp\/v2\/media?parent=83"}],"wp:term":[{"taxonomy":"product_brand","embeddable":true,"href":"http:\/\/lanan.com.ar\/tienda\/wp-json\/wp\/v2\/product_brand?post=83"},{"taxonomy":"product_cat","embeddable":true,"href":"http:\/\/lanan.com.ar\/tienda\/wp-json\/wp\/v2\/product_cat?post=83"},{"taxonomy":"product_tag","embeddable":true,"href":"http:\/\/lanan.com.ar\/tienda\/wp-json\/wp\/v2\/product_tag?post=83"}],"curies":[{"name":"wp","href":"https:\/\/api.w.org\/{rel}","templated":true}]}}