{"id":86,"date":"2015-02-06T22:33:53","date_gmt":"2015-02-06T22:33:53","guid":{"rendered":"http:\/\/lanan.com.ar\/tienda\/producto\/revista_18\/"},"modified":"2015-02-06T23:06:36","modified_gmt":"2015-02-06T23:06:36","slug":"revista_18","status":"publish","type":"product","link":"http:\/\/lanan.com.ar\/tienda\/producto\/revista_18\/","title":{"rendered":"#18 (oct-dic 2014)"},"content":{"rendered":"<p><strong>SUMARIO<\/strong><br \/>\n&#8211; Leandro Granato: el arte de llorar.<br \/>\n&#8211; Mentira TV: Verm\u00fa con papas fritas y good show.<br \/>\n&#8211; Volvi\u00f3 Pipabang: aquellos a\u00f1os maravillosos.<br \/>\n&#8211; A 38 a\u00f1os de La Noche del Apag\u00f3n.<br \/>\n&#8211; Juan Gelman por Ricardo Halac.<br \/>\n&#8211; Juli\u00e1n Oroz: \u201cLo esencial es que el arte sane\u201d.<br \/>\n&#8211; Cr\u00f3nica de la Iglesia Universal. Escribe Julia Muriel Dominzain.<br \/>\n&#8211; La Tribu: fr\u00e1gil e invencible.<br \/>\n&#8211; Pablo Par\u00e9s: \u201cCuando metodiz\u00e1s, te aburr\u00eds\u201d.<br \/>\n&#8211; \u201c8 veces te dejo\u201d: teatro por la identidad.<br \/>\n&#8211; Los Rusos Hijos de Puta: \u201cNo hay una banda como la nuestra\u201d.<br \/>\n&#8211; Cuento: \u201cManzanas deliciosas\u201d, por Walter Lezcano. Ilustra Jo Mur\u00faa.<br \/>\n&#8211; Mar\u00eda Galindo: ni virgen ni santa.<br \/>\n&#8211; Jam de Dibujo 2.0: jazz, modelo en vivo y dibujantes.<br \/>\n&#8211; Organizaci\u00f3n villera: las ciudades invisibles.<br \/>\n&#8211; Ensayo sobre hologramas. Escribe Rodrigo Baraglia Di Fulvio.<br \/>\n&#8211; Historieta: Franco Viglino.<br \/>\n&#8211; Inundaciones: las aguas bajar turbias. Ilustra Javi Punga. <\/p>\n<p>*\u00a0Incluye env\u00edo a domicilio a todo el territorio argentino. Por env\u00edos a otros pa\u00edses, consultar a <a title=\"Correo electr\u00f3nico\" href=\"mailto:hola@lanan.com.ar\" target=\"_blank\">hola@lanan.com.ar<\/a>.<\/p>\n<form action=\"https:\/\/argentina.dineromail.com\/Shop\/Shop_Ingreso.asp\" method=\"post\"><input class=\"btn btn-success\" alt=\"Pagar con DineroMail\" name=\"submit\" type=\"submit\" value=\"Comprar\" \/><br \/>\n<input name=\"NombreItem\" type=\"hidden\" value=\"#18\" \/><br \/>\n<input name=\"TipoMoneda\" type=\"hidden\" value=\"1\" \/><br \/>\n<input name=\"PrecioItem\" type=\"hidden\" value=\"22.00\" \/><br \/>\n<input name=\"E_Comercio\" type=\"hidden\" value=\"3425172\" \/><br \/>\n<input name=\"NroItem\" type=\"hidden\" value=\"-\" \/><br \/>\n<input name=\"DireccionExito\" type=\"hidden\" value=\"http:\/\/\" \/><br \/>\n<input name=\"DireccionFracaso\" type=\"hidden\" value=\"http:\/\/\" \/><br \/>\n<input name=\"DireccionEnvio\" type=\"hidden\" value=\"1\" \/><br \/>\n<input name=\"Mensaje\" type=\"hidden\" value=\"1\" \/><\/form>\n","protected":false},"excerpt":{"rendered":"<p>La Noche del Apag\u00f3n, Iglesia Universal, Pablo Par\u00e9s, Los Rusos Hijos de Puta, organizaci\u00f3n villera y mucho m\u00e1s.<\/p>\n<p>*\u00a0Incluye env\u00edo a domicilio a todo el territorio argentino.<\/p>\n<form action=\"https:\/\/argentina.dineromail.com\/Shop\/Shop_Ingreso.asp\" method=\"post\"><input class=\"btn btn-success\" alt=\"Pagar con DineroMail\" name=\"submit\" type=\"submit\" value=\"Comprar\" \/><br \/>\n<input name=\"NombreItem\" type=\"hidden\" value=\"#18\" \/><br \/>\n<input name=\"TipoMoneda\" type=\"hidden\" value=\"1\" \/><br \/>\n<input name=\"PrecioItem\" type=\"hidden\" value=\"22.00\" \/><br \/>\n<input name=\"E_Comercio\" type=\"hidden\" value=\"3425172\" \/><br \/>\n<input name=\"NroItem\" type=\"hidden\" value=\"-\" \/><br \/>\n<input name=\"DireccionExito\" type=\"hidden\" value=\"http:\/\/\" \/><br \/>\n<input name=\"DireccionFracaso\" type=\"hidden\" value=\"http:\/\/\" \/><br \/>\n<input name=\"DireccionEnvio\" type=\"hidden\" value=\"1\" \/><br \/>\n<input name=\"Mensaje\" type=\"hidden\" value=\"1\" \/><\/form>\n","protected":false},"featured_media":87,"comment_status":"closed","ping_status":"closed","template":"","meta":[],"product_brand":[],"product_cat":[6],"product_tag":[],"class_list":{"0":"post-86","1":"product","2":"type-product","3":"status-publish","4":"has-post-thumbnail","6":"product_cat-revistas","8":"first","9":"instock","10":"shipping-taxable","11":"purchasable","12":"product-type-simple"},"_links":{"self":[{"href":"http:\/\/lanan.com.ar\/tienda\/wp-json\/wp\/v2\/product\/86","targetHints":{"allow":["GET"]}}],"collection":[{"href":"http:\/\/lanan.com.ar\/tienda\/wp-json\/wp\/v2\/product"}],"about":[{"href":"http:\/\/lanan.com.ar\/tienda\/wp-json\/wp\/v2\/types\/product"}],"replies":[{"embeddable":true,"href":"http:\/\/lanan.com.ar\/tienda\/wp-json\/wp\/v2\/comments?post=86"}],"wp:featuredmedia":[{"embeddable":true,"href":"http:\/\/lanan.com.ar\/tienda\/wp-json\/wp\/v2\/media\/87"}],"wp:attachment":[{"href":"http:\/\/lanan.com.ar\/tienda\/wp-json\/wp\/v2\/media?parent=86"}],"wp:term":[{"taxonomy":"product_brand","embeddable":true,"href":"http:\/\/lanan.com.ar\/tienda\/wp-json\/wp\/v2\/product_brand?post=86"},{"taxonomy":"product_cat","embeddable":true,"href":"http:\/\/lanan.com.ar\/tienda\/wp-json\/wp\/v2\/product_cat?post=86"},{"taxonomy":"product_tag","embeddable":true,"href":"http:\/\/lanan.com.ar\/tienda\/wp-json\/wp\/v2\/product_tag?post=86"}],"curies":[{"name":"wp","href":"https:\/\/api.w.org\/{rel}","templated":true}]}}